{"id":222,"date":"2019-09-27T12:19:08","date_gmt":"2019-09-27T12:19:08","guid":{"rendered":"https:\/\/matrix3.live-website.com\/legal-notice\/"},"modified":"2020-07-13T08:03:45","modified_gmt":"2020-07-13T08:03:45","slug":"legal-notice","status":"publish","type":"page","link":"https:\/\/matrix3-marketing.de\/en\/legal-notice\/","title":{"rendered":"Legal notice"},"content":{"rendered":"\r\n<h1 class=\"wp-block-heading\"><strong>Legal notice:<\/strong><\/h1>\r\n\r\n\r\n\r\n<h2 class=\"wp-block-heading\"><strong>Information according to \u00a7 5 TMG <\/strong><\/h2>\r\n\r\n\r\n\r\n\r\n<strong>[German Telemedia Act]<\/strong>\r\n\r\n\r\n\r\n\r\n<h2 class=\"wp-block-heading\"><strong>MATRIX3 communication GmbH,<\/strong><\/h2>\r\n\r\n\r\n\r\n\r\nK\u00f6nigsallee 14, D-40212 D\u00fcsseldorf, Germany;\r\n\r\n\r\n\r\n\r\n\r\nCommercial Register: HRB 66177,\r\n\r\n\r\n\r\n\r\n\r\nRegistry Court: D\u00fcsseldorf; represented by:\r\n\r\n\r\n\r\n\r\n\r\nLenka Heim\u00f6ller, Graduate in Business Administration, Managing Partner\r\n\r\n\r\n\r\n\r\n<h2 class=\"wp-block-heading\"><strong>Contact<\/strong><\/h2>\r\n\r\n\r\n\r\n\r\nPhone: +49 . 211 . 138 66 507, Fax: +49 . 211 . 138 66 77, E-Mail: info@matrix3-marketing.de\r\n\r\n\r\n\r\n\r\n<h2 class=\"wp-block-heading\"><strong>Value added tax ID<\/strong><\/h2>\r\n\r\n\r\n\r\n\r\nIdentification number according to \u00a727a of the German Sales Tax Law: DE814590729\r\n\r\n\r\n\r\n\r\n<h2 class=\"wp-block-heading\"><strong>Dispute Resolution<\/strong><\/h2>\r\n\r\n\r\n\r\n\r\nThe European Commission provides a platform for online dispute resolution (OS): https:\/\/ec.europa.eu\/consumers\/odr. You will find our e-mail address at the top of the imprint. We are not willing or obliged to participate in dispute resolution proceedings before a consumer dispute resolution body.\r\n\r\n\r\n\r\n\r\n<h2 class=\"wp-block-heading\"><strong>Liability for contents<\/strong><\/h2>\r\n\r\n\r\n\r\n\r\nAs a service provider, we are responsible for our own content on these pages according to \u00a7 7 para.1 TMG [German Telemedia Act] and general laws. According to \u00a7\u00a7 8 to 10 TMG, we are not obliged to monitor transmitted or stored external information or to investigate circumstances that indicate illegal activity. Obligations to remove or block the use of information according to general laws remain unaffected. However, liability in this respect is only possible from the time of knowledge of a concrete infringement. If we become aware of any such infringements, we will remove such content immediately.\r\n\r\n\r\n\r\n\r\n<h2 class=\"wp-block-heading\"><strong>Liability for links<\/strong><\/h2>\r\n\r\n\r\n\r\n\r\nOur offer contains links to external websites of third parties, on whose contents we have no influence. Therefore, we cannot assume any liability for these external contents. The respective provider or operator of the sites is always responsible for the contents of the linked sites. The linked pages were checked for possible legal violations at the time of linking. Illegal contents were not recognizable at the time of linking. However, a permanent control of the contents of the linked pages is not reasonable without concrete evidence of a violation of the law. If we become aware of any infringements, we will remove such links immediately.\r\n\r\n\r\n\r\n\r\n<h2 class=\"wp-block-heading\"><strong>Copyright<\/strong><\/h2>\r\n\r\n\r\n\r\n\r\nThe contents and works on these pages created by the site operators are subject to German copyright law. The reproduction, editing, distribution and any kind of use outside the limits of copyright law require the written consent of the respective author or creator. Downloads and copies of these pages are only permitted for private, non-commercial use. Insofar as the content on this site was not created by the operator, the copyrights of third parties are respected. In particular, third-party content is marked as such. Should you nevertheless become aware of a copyright infringement, please inform us accordingly. If we become aware of any infringements, we will remove such contents immediately.\r\n\r\n","protected":false},"excerpt":{"rendered":"Legal notice: Information according to \u00a7 5 TMG [German Telemedia Act] MATRIX3 communication GmbH, K\u00f6nigsallee 14, D-40212 D\u00fcsseldorf, Germany; Commercial Register: HRB 66177, Registry Court: D\u00fcsseldorf; represented by: Lenka Heim\u00f6ller, Graduate in Business Administration, Managing Partner Contact Phone: +49 . 211 . 138 66 507, Fax: +49 . 211 . 138 66 77, E-Mail: info@matrix3-marketing.de\u2026 <a class=\"view-full-post\" href=\"https:\/\/matrix3-marketing.de\/en\/legal-notice\/\">{read more}<\/a>","protected":false},"author":1,"featured_media":0,"parent":0,"menu_order":0,"comment_status":"closed","ping_status":"closed","template":"templates\/privacy-pages.php","meta":{"footnotes":""},"class_list":["post-222","page","type-page","status-publish","hentry"],"yoast_head":"<!-- This site is optimized with the Yoast SEO plugin v15.7 - https:\/\/yoast.com\/wordpress\/plugins\/seo\/ -->\n<title>Legal notice - Matrix3<\/title>\n<meta name=\"robots\" content=\"index, follow, max-snippet:-1, max-image-preview:large, max-video-preview:-1\" \/>\n<link rel=\"canonical\" href=\"https:\/\/matrix3-marketing.de\/en\/legal-notice\/\" \/>\n<meta property=\"og:locale\" content=\"en_US\" \/>\n<meta property=\"og:type\" content=\"article\" \/>\n<meta property=\"og:title\" content=\"Legal notice - Matrix3\" \/>\n<meta property=\"og:description\" content=\"Legal notice: Information according to \u00a7 5 TMG [German Telemedia Act] MATRIX3 communication GmbH, K\u00f6nigsallee 14, D-40212 D\u00fcsseldorf, Germany; Commercial Register: HRB 66177, Registry Court: D\u00fcsseldorf; represented by: Lenka Heim\u00f6ller, Graduate in Business Administration, Managing Partner Contact Phone: +49 . 211 . 138 66 507, Fax: +49 . 211 . 138 66 77, E-Mail: info@matrix3-marketing.de\u2026 {read more}\" \/>\n<meta property=\"og:url\" content=\"https:\/\/matrix3-marketing.de\/en\/legal-notice\/\" \/>\n<meta property=\"og:site_name\" content=\"Matrix3\" \/>\n<meta property=\"article:modified_time\" content=\"2020-07-13T08:03:45+00:00\" \/>\n<meta name=\"twitter:card\" content=\"summary_large_image\" \/>\n<meta name=\"twitter:label1\" content=\"Est. reading time\">\n\t<meta name=\"twitter:data1\" content=\"2 minutes\">\n<script type=\"application\/ld+json\" class=\"yoast-schema-graph\">{\"@context\":\"https:\/\/schema.org\",\"@graph\":[{\"@type\":\"Organization\",\"@id\":\"https:\/\/matrix3-marketing.de\/en\/#organization\",\"name\":\"MATRIX3 communication GmbH\",\"url\":\"https:\/\/matrix3-marketing.de\/en\/\",\"sameAs\":[],\"logo\":{\"@type\":\"ImageObject\",\"@id\":\"https:\/\/matrix3-marketing.de\/en\/#logo\",\"inLanguage\":\"en-US\",\"url\":\"https:\/\/matrix3-marketing.de\/wp-content\/uploads\/2019\/09\/Group-1.png\",\"width\":331,\"height\":93,\"caption\":\"MATRIX3 communication GmbH\"},\"image\":{\"@id\":\"https:\/\/matrix3-marketing.de\/en\/#logo\"}},{\"@type\":\"WebSite\",\"@id\":\"https:\/\/matrix3-marketing.de\/en\/#website\",\"url\":\"https:\/\/matrix3-marketing.de\/en\/\",\"name\":\"Matrix3\",\"description\":\"\",\"publisher\":{\"@id\":\"https:\/\/matrix3-marketing.de\/en\/#organization\"},\"potentialAction\":[{\"@type\":\"SearchAction\",\"target\":\"https:\/\/matrix3-marketing.de\/en\/?s={search_term_string}\",\"query-input\":\"required name=search_term_string\"}],\"inLanguage\":\"en-US\"},{\"@type\":\"WebPage\",\"@id\":\"https:\/\/matrix3-marketing.de\/en\/legal-notice\/#webpage\",\"url\":\"https:\/\/matrix3-marketing.de\/en\/legal-notice\/\",\"name\":\"Legal notice - Matrix3\",\"isPartOf\":{\"@id\":\"https:\/\/matrix3-marketing.de\/en\/#website\"},\"datePublished\":\"2019-09-27T12:19:08+00:00\",\"dateModified\":\"2020-07-13T08:03:45+00:00\",\"inLanguage\":\"en-US\",\"potentialAction\":[{\"@type\":\"ReadAction\",\"target\":[\"https:\/\/matrix3-marketing.de\/en\/legal-notice\/\"]}]}]}<\/script>\n<!-- \/ Yoast SEO plugin. -->","_links":{"self":[{"href":"https:\/\/matrix3-marketing.de\/en\/wp-json\/wp\/v2\/pages\/222","targetHints":{"allow":["GET"]}}],"collection":[{"href":"https:\/\/matrix3-marketing.de\/en\/wp-json\/wp\/v2\/pages"}],"about":[{"href":"https:\/\/matrix3-marketing.de\/en\/wp-json\/wp\/v2\/types\/page"}],"author":[{"embeddable":true,"href":"https:\/\/matrix3-marketing.de\/en\/wp-json\/wp\/v2\/users\/1"}],"replies":[{"embeddable":true,"href":"https:\/\/matrix3-marketing.de\/en\/wp-json\/wp\/v2\/comments?post=222"}],"version-history":[{"count":11,"href":"https:\/\/matrix3-marketing.de\/en\/wp-json\/wp\/v2\/pages\/222\/revisions"}],"predecessor-version":[{"id":1352,"href":"https:\/\/matrix3-marketing.de\/en\/wp-json\/wp\/v2\/pages\/222\/revisions\/1352"}],"wp:attachment":[{"href":"https:\/\/matrix3-marketing.de\/en\/wp-json\/wp\/v2\/media?parent=222"}],"curies":[{"name":"wp","href":"https:\/\/api.w.org\/{rel}","templated":true}]}}